{"id":42,"date":"2026-04-10T08:34:48","date_gmt":"2026-04-10T08:34:48","guid":{"rendered":"https:\/\/ladyrenta.fr\/?page_id=42"},"modified":"2026-04-11T08:01:58","modified_gmt":"2026-04-11T08:01:58","slug":"42-2","status":"publish","type":"page","link":"https:\/\/ladyrenta.fr\/index.php\/42-2\/","title":{"rendered":"Mentions l\u00e9gales"},"content":{"rendered":"\n<!DOCTYPE html>\n<html lang=\"fr\">\n<head>\n<meta charset=\"UTF-8\">\n<meta name=\"viewport\" content=\"width=device-width, initial-scale=1.0\">\n\n<title>Mentions l\u00e9gales<\/title>\n\n<link href=\"https:\/\/fonts.googleapis.com\/css2?family=Playfair+Display:wght@400;500;600;700;800&#038;display=swap\" rel=\"stylesheet\">\n\n<style>\n  :root{\n    --bg:#ede2d6;\n    --bg-soft:#f6e9da;\n    --text:#493121;\n    --gold:#c2863e;\n    --rose:#d68386;\n    --white:#ffffff;\n    --btn-bg:#d68386;\n    --btn-text:#000000;\n    --btn-hover:#f6e9da;\n    --shadow-sm:0 8px 20px rgba(0,0,0,0.06);\n    --shadow-premium:0 22px 50px rgba(203,119,123,0.16);\n  }\n\n  *{\n    box-sizing:border-box;\n  }\n\n  html{\n    scroll-behavior:smooth;\n    margin:0;\n    padding:0;\n    background:transparent;\n  }\n\n  body{\n    margin:0;\n    padding:0;\n    font-family:'Playfair Display', serif;\n    color:var(--text);\n    background:\n      radial-gradient(circle at top left, rgba(214,131,134,0.05), transparent 28%),\n      radial-gradient(circle at top right, rgba(194,134,62,0.06), transparent 24%),\n      var(--bg);\n    line-height:1.85;\n    border:none;\n    outline:none;\n  }\n\n  h1,h2,h3,p,a,li,div,span,strong{\n    font-family:'Playfair Display', serif;\n    margin-top:0;\n  }\n\n  .container{\n    max-width:1100px;\n    margin:auto;\n    padding:40px 10px 70px;\n  }\n\n  .card{\n    background:rgba(255,255,255,0.97);\n    border:3px solid transparent;\n    background-image:\n      linear-gradient(rgba(255,255,255,0.97), rgba(255,255,255,0.97)),\n      linear-gradient(135deg, #d68386, #c2863e);\n    background-origin:border-box;\n    background-clip:padding-box, border-box;\n    padding:30px 25px;\n    border-radius:28px;\n    margin-bottom:25px;\n    box-shadow:var(--shadow-premium);\n    position:relative;\n    overflow:hidden;\n  }\n\n  .card::after{\n    content:\"\";\n    position:absolute;\n    inset:0;\n    background:\n      radial-gradient(circle at top left, rgba(246,233,218,0.16), transparent 28%),\n      linear-gradient(135deg, rgba(246,233,218,0.10), transparent 45%, rgba(194,134,62,0.05));\n    pointer-events:none;\n  }\n\n  .card > *{\n    position:relative;\n    z-index:1;\n  }\n\n  .card h2{\n    font-size:26px;\n    margin-bottom:15px;\n    color:var(--text);\n    font-weight:800;\n  }\n\n  .card p{\n    font-size:19px;\n    margin-bottom:12px;\n  }\n\n  a{\n    color:var(--rose);\n    text-decoration:none;\n    transition:color .25s ease;\n  }\n\n  a:hover{\n    color:var(--gold);\n    text-decoration:underline;\n  }\n\n  @media(max-width:768px){\n    .card p{\n      font-size:18px;\n    }\n\n    .card h2{\n      font-size:24px;\n    }\n\n    .card{\n      padding:24px 18px;\n      border-radius:24px;\n    }\n\n    .container{\n      padding:25px 10px 55px;\n    }\n  }\n<\/style>\n<\/head>\n\n<body>\n\n<div class=\"container\">\n\n  <div class=\"card\">\n    <h2>1 \u2013 \u00c9dition du site<\/h2>\n    <p>En vertu de l\u2019article 6 de la loi n\u00b0 2004-575 du 21 juin 2004 pour la confiance dans l\u2019\u00e9conomie num\u00e9rique, il est pr\u00e9cis\u00e9 aux utilisateurs du site internet https:\/\/www.ladyrenta.fr l\u2019identit\u00e9 des diff\u00e9rents intervenants dans le cadre de sa r\u00e9alisation et de son suivi :<\/p>\n\n    <p>Propri\u00e9taire du site :<\/p>\n    <p>Ladyrenta \u2013<\/p>\n    <p>Contact : contact@ladyrenta.fr<\/p>\n    <p>0638703597<\/p>\n    <p>Adresse : 40 Avenue des \u00eeles.<\/p>\n    <p>Identification de l\u2019entreprise : Ladyrenta<\/p>\n    <p>SIREN : 853658490<\/p>\n    <p>Adresse postale : 40 Avenue des \u00eeles \u2013<\/p>\n\n    <p>Directeur de la publication : Ladyrenta \u2013 contact@ladyrenta.fr<\/p>\n\n    <p>H\u00e9bergeur :<\/p>\n    <p>OVH, 2 RUE KELLERMANN 59100 ROUBAIX<\/p>\n    <p>SIRET 42476141900045<\/p>\n\n    <p>D\u00e9l\u00e9gu\u00e9 \u00e0 la protection des donn\u00e9es : contact@ladyrenta.fr<\/p>\n  <\/div>\n\n  <div class=\"card\">\n    <h2>2 \u2013 Propri\u00e9t\u00e9 intellectuelle et contrefa\u00e7ons<\/h2>\n    <p>Ladyrenta est propri\u00e9taire des droits de propri\u00e9t\u00e9 intellectuelle et d\u00e9tient les droits d\u2019usage sur tous les \u00e9l\u00e9ments accessibles sur le site internet, notamment les textes, images, graphismes, logos, vid\u00e9os, architecture, ic\u00f4nes et sons.<\/p>\n\n    <p>Toute reproduction, repr\u00e9sentation, modification, publication, adaptation de tout ou partie des \u00e9l\u00e9ments du site, quel que soit le moyen ou le proc\u00e9d\u00e9 utilis\u00e9, est interdite, sauf autorisation \u00e9crite pr\u00e9alable de Ladyrenta.<\/p>\n\n    <p>Toute exploitation non autoris\u00e9e du site ou de l\u2019un quelconque des \u00e9l\u00e9ments qu\u2019il contient sera consid\u00e9r\u00e9e comme constitutive d\u2019une contrefa\u00e7on et poursuivie conform\u00e9ment aux dispositions des articles L.335-2 et suivants du Code de Propri\u00e9t\u00e9 Intellectuelle.<\/p>\n  <\/div>\n\n  <div class=\"card\">\n    <h2>3 \u2013 Limitations de responsabilit\u00e9<\/h2>\n    <p>Ladyrenta ne pourra \u00eatre tenu pour responsable des dommages directs et indirects caus\u00e9s au mat\u00e9riel de l\u2019utilisateur lors de l\u2019acc\u00e8s au site.<\/p>\n\n    <p>Ladyrenta d\u00e9cline toute responsabilit\u00e9 quant \u00e0 l\u2019utilisation qui pourrait \u00eatre faite des informations et contenus pr\u00e9sents sur le site.<\/p>\n\n    <p>Ladyrenta s\u2019engage \u00e0 s\u00e9curiser au mieux le site, cependant sa responsabilit\u00e9 ne pourra \u00eatre mise en cause si des donn\u00e9es ind\u00e9sirables sont import\u00e9es et install\u00e9es \u00e0 son insu.<\/p>\n  <\/div>\n\n  <div class=\"card\">\n    <h2>4 \u2013 Donn\u00e9es personnelles<\/h2>\n    <p>Conform\u00e9ment \u00e0 la loi informatique et libert\u00e9s, vous disposez d\u2019un droit d\u2019acc\u00e8s, de modification et de suppression de vos donn\u00e9es.<\/p>\n    <p>Pour exercer ce droit : contact@ladyrenta.fr<\/p>\n  <\/div>\n\n  <div class=\"card\">\n    <h2>5 \u2013 Cookies<\/h2>\n    <p>La navigation sur le site peut entra\u00eener l\u2019installation de cookies afin d\u2019am\u00e9liorer l\u2019exp\u00e9rience utilisateur.<\/p>\n  <\/div>\n\n  <div class=\"card\">\n    <h2>6 \u2013 Droit applicable<\/h2>\n    <p>Tout litige en relation avec l\u2019utilisation du site est soumis au droit fran\u00e7ais.<\/p>\n  <\/div>\n\n<\/div>\n\n<\/body>\n<\/html>\n","protected":false},"excerpt":{"rendered":"<p>Mentions l\u00e9gales 1 \u2013 \u00c9dition du site En vertu de l\u2019article 6 de la loi n\u00b0 2004-575 du 21 juin 2004 pour la confiance dans l\u2019\u00e9conomie num\u00e9rique, il est pr\u00e9cis\u00e9 aux utilisateurs du site internet https:\/\/www.ladyrenta.fr l\u2019identit\u00e9 des diff\u00e9rents intervenants dans le cadre de sa r\u00e9alisation et de son suivi : Propri\u00e9taire du site : &hellip; <\/p>\n","protected":false},"author":1,"featured_media":0,"parent":0,"menu_order":0,"comment_status":"closed","ping_status":"closed","template":"","meta":{"footnotes":""},"class_list":["post-42","page","type-page","status-publish","hentry"],"_links":{"self":[{"href":"https:\/\/ladyrenta.fr\/index.php\/wp-json\/wp\/v2\/pages\/42","targetHints":{"allow":["GET"]}}],"collection":[{"href":"https:\/\/ladyrenta.fr\/index.php\/wp-json\/wp\/v2\/pages"}],"about":[{"href":"https:\/\/ladyrenta.fr\/index.php\/wp-json\/wp\/v2\/types\/page"}],"author":[{"embeddable":true,"href":"https:\/\/ladyrenta.fr\/index.php\/wp-json\/wp\/v2\/users\/1"}],"replies":[{"embeddable":true,"href":"https:\/\/ladyrenta.fr\/index.php\/wp-json\/wp\/v2\/comments?post=42"}],"version-history":[{"count":9,"href":"https:\/\/ladyrenta.fr\/index.php\/wp-json\/wp\/v2\/pages\/42\/revisions"}],"predecessor-version":[{"id":332,"href":"https:\/\/ladyrenta.fr\/index.php\/wp-json\/wp\/v2\/pages\/42\/revisions\/332"}],"wp:attachment":[{"href":"https:\/\/ladyrenta.fr\/index.php\/wp-json\/wp\/v2\/media?parent=42"}],"curies":[{"name":"wp","href":"https:\/\/api.w.org\/{rel}","templated":true}]}}